{"id":25,"date":"2026-04-10T09:14:36","date_gmt":"2026-04-10T07:14:36","guid":{"rendered":"https:\/\/brunogreco.fr\/?page_id=25"},"modified":"2026-04-10T11:33:06","modified_gmt":"2026-04-10T09:33:06","slug":"edition-333","status":"publish","type":"page","link":"https:\/\/brunogreco.fr\/index.php\/edition-333\/","title":{"rendered":"Edition 333"},"content":{"rendered":"\n<p>(site du tournoi : <a href=\"https:\/\/brunogreco.fr\/chtiots\/\">https:\/\/brunogreco.fr\/chtiots\/)<\/a><\/p>\n\n\n\n<figure class=\"wp-block-image size-full\"><img loading=\"lazy\" decoding=\"async\" width=\"456\" height=\"152\" src=\"https:\/\/brunogreco.fr\/wp-content\/uploads\/2026\/04\/image003-1.jpg\" alt=\"\" class=\"wp-image-47\" srcset=\"https:\/\/brunogreco.fr\/wp-content\/uploads\/2026\/04\/image003-1.jpg 456w, https:\/\/brunogreco.fr\/wp-content\/uploads\/2026\/04\/image003-1-300x100.jpg 300w\" sizes=\"auto, (max-width: 456px) 100vw, 456px\" \/><\/figure>\n\n\n\n<p>Cette 333\u00e8me semaine du tournoi priv\u00e9 &#8220;salle d&#8217;entrainement des chtiots&#8221;, le d\u00e9fi \u00e9tait de rassembler 333 joueurs, il a \u00e9t\u00e9 relev\u00e9 avec brio puisque 391 participants nous ont fait l&#8217;honneur de nous rejoindre. Seuls 11 d&#8217;entre eux n&#8217;ont pas jou\u00e9 les 10 donnes, c&#8217;est remarquable. 36 banni\u00e8res ont flott\u00e9 sur la salle, la France avec 235 ressortissants pr\u00e9c\u00e9dant l&#8217;Italie avec 21, le Honduras est le plus r\u00e9cent.<\/p>\n\n\n\n<p>37 nouveaux joueurs ont d\u00e9couvert le tournoi : pc1546, hanskregting1, Mexique, Grosi1, Capitaine Haddock, frimou, mpitt, maki21, Felix33, Debi, Vrepet, lexod, simone37, Passepartout63, Meszaros, AnthonyGB, Nihao, collinette78, MaybeIMP, svmsn, dareaveredareaveredareavere, sportiva, temolo, Roger Leclerc, MoniqueT, marie7514, Muriel Evens, Ssa-Courlis Sylvie Sadones, Montr\u00e9al P.Q., K-trine, MattB, Anna123, sugarblood, HIBOU666, belo, JIM PAPAS ; bienvenue \u00e0 vous et merci \u00e0 ceux qui vous ont recrut\u00e9s !<\/p>\n\n\n\n<p class=\"has-large-font-size\">Scores<\/p>\n\n\n\n<p>Ils se sont \u00e9chelonn\u00e9s de +43 \u00e0 -55 imps, moyenne -1.3 imps, m\u00e9diane 3,5. Le score le plus fr\u00e9quent a \u00e9t\u00e9 +7imps (21 joueurs) . <\/p>\n\n\n\n<figure class=\"wp-block-table\"><table class=\"has-fixed-layout\"><tbody><tr><td class=\"has-text-align-center\" data-align=\"center\">S\u00e9rie<\/td><td class=\"has-text-align-center\" data-align=\"center\">effectif<\/td><td class=\"has-text-align-center\" data-align=\"center\">moy imps<\/td><\/tr><tr><td class=\"has-text-align-center\" data-align=\"center\">*,1,2<\/td><td class=\"has-text-align-center\" data-align=\"center\">57<\/td><td class=\"has-text-align-center\" data-align=\"center\">2.01<\/td><\/tr><tr><td class=\"has-text-align-center\" data-align=\"center\">3,4,5<\/td><td class=\"has-text-align-center\" data-align=\"center\">87<\/td><td class=\"has-text-align-center\" data-align=\"center\">-0.86<\/td><\/tr><tr><td class=\"has-text-align-center\" data-align=\"center\">6,7,8<\/td><td class=\"has-text-align-center\" data-align=\"center\">102<\/td><td class=\"has-text-align-center\" data-align=\"center\">2.41<\/td><\/tr><tr><td class=\"has-text-align-center\" data-align=\"center\">9,10,11<\/td><td class=\"has-text-align-center\" data-align=\"center\">134<\/td><td class=\"has-text-align-center\" data-align=\"center\">-5.6<\/td><\/tr><\/tbody><\/table><\/figure>\n\n\n\n<p>Les forts joueurs ont \u00e9t\u00e9 \u00e0 la peine ! voir ci-dessous&#8230;<\/p>\n\n\n\n<p class=\"has-large-font-size\">La donne marquante<\/p>\n\n\n\n<p>C&#8217;est la donne 1 ! La grande majorit\u00e9 des forts joueurs a appel\u00e9 (\u00e0 raison je suppose) ce chelem \u00e0 coeur, qui s&#8217;av\u00e8re ingagnable. Ce jour l\u00e0 les probabilit\u00e9s ne leur ont pas \u00e9t\u00e9 cl\u00e9mentes et les joueurs moyens plus raisonnables, avec 4\u2665+1, ont encaiss\u00e9 d&#8217;entr\u00e9e un delta de +13 imp (+4\/-9). C&#8217;est la vie !<\/p>\n\n\n\n<p class=\"has-large-font-size\">Le podium<\/p>\n\n\n\n<figure class=\"wp-block-image size-full is-resized\"><img loading=\"lazy\" decoding=\"async\" width=\"519\" height=\"103\" src=\"https:\/\/brunogreco.fr\/wp-content\/uploads\/2026\/04\/image.png\" alt=\"\" class=\"wp-image-45\" style=\"width:650px;height:auto\" srcset=\"https:\/\/brunogreco.fr\/wp-content\/uploads\/2026\/04\/image.png 519w, https:\/\/brunogreco.fr\/wp-content\/uploads\/2026\/04\/image-300x60.png 300w\" sizes=\"auto, (max-width: 519px) 100vw, 519px\" \/><\/figure>\n\n\n\n<p>On applaudit bien fort<\/p>\n\n\n\n<figure class=\"wp-block-table\"><table class=\"has-fixed-layout\"><thead><tr><th class=\"has-text-align-center\" data-align=\"center\">Top5<\/th><\/tr><\/thead><tbody><tr><td class=\"has-text-align-center\" data-align=\"center\">Peter (PeterOlofsson 1e, 43imp, 47p)<\/td><\/tr><tr><td class=\"has-text-align-center\" data-align=\"center\">Brigitte (seracustou 2e, 41imp, 28p)<\/td><\/tr><tr><td class=\"has-text-align-center\" data-align=\"center\">Pierre (ChercheFMixtepar2Excellence 2e, 41imp, 50p)<\/td><\/tr><tr><td class=\"has-text-align-center\" data-align=\"center\">Franck (Franck Huegaerts 4e, 40imp, 229p)<\/td><\/tr><tr><td class=\"has-text-align-center\" data-align=\"center\">Johan (sifs 5e, 36imp, 24p)<\/td><\/tr><\/tbody><\/table><\/figure>\n\n\n\n<p>Peter en est \u00e0 sa 6me m\u00e9daille. \n<br>Brigitte r\u00e9alise la plus belle performance de sa carri\u00e8re chtiotte.\n<br> Pierre, avec cette 5me m\u00e9daille, cherche toujours ?\n<br>Franck, avec ses 229 participations et sa 18\u00e8me m\u00e9daille, sauve l&#8217;honneur des anciens.\n<br>Johan fait son meilleur tournoi depuis sa m\u00e9daille d&#8217;or en nov 2024.\n\n<\/p>\n\n\n\n<p class=\"has-large-font-size\">Autres podiums<\/p>\n\n\n\n<figure class=\"wp-block-table\"><table class=\"has-fixed-layout\"><thead><tr><th>S\u00e9ries 6+<\/th><\/tr><\/thead><tbody><tr><td>\u00c1sdis (asdmat 14e, 30imp, 11p), sa 2me meilleure perf.<\/td><\/tr><tr><td>Jean-Paul (jean paul belmondo1 21e, 27imp, 12p), sa 2me meilleure perf.<\/td><\/tr><tr><td>H\u00e9l\u00e8ne (paiktes 22e, 26imp, 16p) sa meilleure perf<\/td><\/tr><\/tbody><\/table><\/figure>\n\n\n\n<p>Bravo \u00e0 eux\/elles.<\/p>\n\n\n\n<figure class=\"wp-block-table\"><table class=\"has-fixed-layout\"><thead><tr><th>Les anniversaires<\/th><\/tr><\/thead><tbody><tr><td>Cosey (Cosey 35e, 21imp, 25p), Annick (atout coeur 100e, 12imp, 25p), ColoradoDevane (ColoradoDevane 136e, 7imp, 25p), <\/td><\/tr><tr><td>Pierre (ChercheFMixtepar2Excellence 2e, 41imp, 50p), BGTHIBAUT (BGTHIBAUT 43e, 20imp, 50p), Manuel (gustave eiffel 157e, 6imp, 50p)<\/td><\/tr><tr><td>Piotr (Piotr Cie\u015bli\u0144ski 303e,-9imp, 250p), C\u00e9cile (dibeji 327e,-13imp, 250p)<br><\/td><\/tr><\/tbody><\/table><\/figure>\n\n\n\n<figure class=\"wp-block-table\"><table class=\"has-fixed-layout\"><thead><tr><th>Les surfeurs 232\u00e8mes, 0 imp<\/th><\/tr><\/thead><tbody><tr><td>Christophe (xtofb, 254p), TXOMIN_ (TXOMIN_ , 15p), Raffaello (temolo, 1p), Rosario (ros58, 82p), Richard (richard abitbol, 31p), Jean-Pierre (peaucie, 93p),<br>Danielle (Massilia, 8p), Laurent (LAURENT D 232e, 8p), Laurence (Laurence R\u00e9ault, 116p), Jean Noel (ajcy, 78p)<\/td><\/tr><\/tbody><\/table><\/figure>\n\n\n\n<p class=\"has-large-font-size\"> Quelques statistiques g\u00e9n\u00e9rales<\/p>\n\n\n\n<ul class=\"wp-block-list\">\n<li>Depuis le d\u00e9but, 1604 joueurs ont jou\u00e9 au moins une donne, 421 l&#8217;ont mis en favori.<\/li>\n\n\n\n<li>71 nationalit\u00e9s sont repr\u00e9sent\u00e9es, la derni\u00e8re \u00e9tant le Honduras avec Pedro (Mexique 35e, 21imp, 1p).<\/li>\n\n\n\n<li>209 joueurs de s\u00e9rie *, 751 de s\u00e9rie 6 et +.<\/li>\n\n\n\n<li>240 joueurs ont particip\u00e9 plus de 50 semaines, 136 plus de 100 semaines, 49 plus de 200 semaines.<\/li>\n<\/ul>\n\n\n\n<p class=\"has-large-font-size\">Bonne semaine et bonnes donnes \u00e0 tous !<\/p>\n","protected":false},"excerpt":{"rendered":"<p>(site du tournoi : https:\/\/brunogreco.fr\/chtiots\/) Cette 333\u00e8me semaine du tournoi priv\u00e9 &#8220;salle d&#8217;entrainement des chtiots&#8221;, le d\u00e9fi \u00e9tait de rassembler 333 joueurs, il a \u00e9t\u00e9 relev\u00e9 avec brio puisque 391 participants nous ont fait l&#8217;honneur de nous rejoindre. Seuls 11 d&#8217;entre eux n&#8217;ont pas jou\u00e9 les 10 donnes, c&#8217;est remarquable. 36 banni\u00e8res ont flott\u00e9 sur [&hellip;]<\/p>\n","protected":false},"author":1,"featured_media":0,"parent":0,"menu_order":0,"comment_status":"closed","ping_status":"closed","template":"","meta":{"footnotes":""},"class_list":["post-25","page","type-page","status-publish","hentry"],"_links":{"self":[{"href":"https:\/\/brunogreco.fr\/index.php\/wp-json\/wp\/v2\/pages\/25","targetHints":{"allow":["GET"]}}],"collection":[{"href":"https:\/\/brunogreco.fr\/index.php\/wp-json\/wp\/v2\/pages"}],"about":[{"href":"https:\/\/brunogreco.fr\/index.php\/wp-json\/wp\/v2\/types\/page"}],"author":[{"embeddable":true,"href":"https:\/\/brunogreco.fr\/index.php\/wp-json\/wp\/v2\/users\/1"}],"replies":[{"embeddable":true,"href":"https:\/\/brunogreco.fr\/index.php\/wp-json\/wp\/v2\/comments?post=25"}],"version-history":[{"count":12,"href":"https:\/\/brunogreco.fr\/index.php\/wp-json\/wp\/v2\/pages\/25\/revisions"}],"predecessor-version":[{"id":51,"href":"https:\/\/brunogreco.fr\/index.php\/wp-json\/wp\/v2\/pages\/25\/revisions\/51"}],"wp:attachment":[{"href":"https:\/\/brunogreco.fr\/index.php\/wp-json\/wp\/v2\/media?parent=25"}],"curies":[{"name":"wp","href":"https:\/\/api.w.org\/{rel}","templated":true}]}}